{"id":8067,"date":"2026-01-30T08:26:43","date_gmt":"2026-01-30T08:26:43","guid":{"rendered":"https:\/\/caspiantextile.com\/product\/formline-is-geyim-god%c9%99kc%c9%99si\/"},"modified":"2026-03-02T06:27:53","modified_gmt":"2026-03-02T06:27:53","slug":"formline-is-geyim-god%c9%99kc%c9%99si","status":"publish","type":"product","link":"https:\/\/caspiantextile.com\/az\/product\/formline-is-geyim-god%c9%99kc%c9%99si\/","title":{"rendered":"FormLine \u0130\u015f Geyim G\u00f6d\u0259k\u00e7\u0259si"},"content":{"rendered":"\t\t<div data-elementor-type=\"wp-post\" data-elementor-id=\"8067\" class=\"elementor elementor-8067 elementor-5984\" wpc-filter-elementor-widget=\"1\" data-elementor-post-type=\"product\">\n\t\t\t\t\t\t<section class=\"xts-negative-gap elementor-section elementor-top-section elementor-element elementor-element-2df07b3 elementor-section-boxed elementor-section-height-default elementor-section-height-default xts-section-disabled\" data-id=\"2df07b3\" data-element_type=\"section\" data-e-type=\"section\">\n\t\t\t\t\t\t<div class=\"elementor-container elementor-column-gap-default\">\n\t\t\t\t\t<div class=\"elementor-column elementor-col-33 elementor-top-column elementor-element elementor-element-8bb4467\" data-id=\"8bb4467\" data-element_type=\"column\" data-e-type=\"column\">\n\t\t\t<div class=\"elementor-widget-wrap elementor-element-populated\">\n\t\t\t\t\t\t<div class=\"elementor-element elementor-element-ab0b85a elementor-widget elementor-widget-xts_image\" data-id=\"ab0b85a\" data-element_type=\"widget\" data-e-type=\"widget\" data-widget_type=\"xts_image.default\">\n\t\t\t\t<div class=\"elementor-widget-container\">\n\t\t\t\t\t\t\t\t<div class=\"xts-image-single xts-textalign-center\">\n\t\t\t\t<figure class=\"xts-image\">\n\t\t\t\t\t\t\t\t\t\t\t<div class=\"xts-image-inner\">\n\t\t\t\t\t\n\t\t\t\t\t\t<img fetchpriority=\"high\" decoding=\"async\" width=\"838\" height=\"1000\" src=\"https:\/\/caspiantextile.com\/wp-content\/uploads\/2026\/01\/FormLine_Workwear_Jacket_FD-1-MT-228_blue-1.png\" class=\"attachment-woocommerce_single size-woocommerce_single wp-image-5986\" alt=\"\" srcset=\"https:\/\/caspiantextile.com\/wp-content\/uploads\/2026\/01\/FormLine_Workwear_Jacket_FD-1-MT-228_blue-1.png 838w, https:\/\/caspiantextile.com\/wp-content\/uploads\/2026\/01\/FormLine_Workwear_Jacket_FD-1-MT-228_blue-1-251x300.png 251w, https:\/\/caspiantextile.com\/wp-content\/uploads\/2026\/01\/FormLine_Workwear_Jacket_FD-1-MT-228_blue-1-670x800.png 670w, https:\/\/caspiantextile.com\/wp-content\/uploads\/2026\/01\/FormLine_Workwear_Jacket_FD-1-MT-228_blue-1-768x916.png 768w, https:\/\/caspiantextile.com\/wp-content\/uploads\/2026\/01\/FormLine_Workwear_Jacket_FD-1-MT-228_blue-1-460x549.png 460w, https:\/\/caspiantextile.com\/wp-content\/uploads\/2026\/01\/FormLine_Workwear_Jacket_FD-1-MT-228_blue-1-300x358.png 300w\" sizes=\"(max-width: 838px) 100vw, 838px\" \/>\n\t\t\t\t\t\t\t\t\t\t\t<\/div>\n\t\t\t\t\t\n\t\t\t\t\t\t\t\t\t<\/figure>\n\n\t\t\t\t\t\t\t<\/div>\n\t\t\t\t\t\t<\/div>\n\t\t\t\t<\/div>\n\t\t\t\t\t<\/div>\n\t\t<\/div>\n\t\t\t\t<div class=\"elementor-column elementor-col-33 elementor-top-column elementor-element elementor-element-d992977\" data-id=\"d992977\" data-element_type=\"column\" data-e-type=\"column\">\n\t\t\t<div class=\"elementor-widget-wrap elementor-element-populated\">\n\t\t\t\t\t\t<div class=\"elementor-element elementor-element-a67cd8e elementor-widget__width-initial elementor-widget elementor-widget-xts_infobox\" data-id=\"a67cd8e\" data-element_type=\"widget\" data-e-type=\"widget\" data-widget_type=\"xts_infobox.default\">\n\t\t\t\t<div class=\"elementor-widget-container\">\n\t\t\t\t\t\n\t\t<div class=\"xts-infobox xts-textalign-left xts-icon-top\" onclick=\"\">\n\t\t\t\n\t\t\t<div class=\"xts-box-content xts-reset-mb-10 xts-reset-all-last\">\n\t\t\t\t\n\t\t\t\t\t\t\t\t\t<h4 class=\"xts-box-title title xts-fontsize-m\" data-elementor-setting-key=\"title\">\n\t\t\t\t\t\t\u0130\u015f Geyiml\u0259ri D\u0259sti\t\t\t\t\t<\/h4>\n\t\t\t\t\n\t\t\t\t\t\t\t\t\t<div class=\"xts-box-desc\" data-elementor-setting-key=\"description\">\n\t\t\t\t\t\t<p>Bu klassik i\u015f geyiml\u0259ri d\u0259sti s\u0259naye, t\u0259hl\u00fck\u0259sizlik v\u0259 texniki m\u00fchitl\u0259rd\u0259 g\u00fcnd\u0259lik v\u0259zif\u0259l\u0259ri \u00fc\u00e7\u00fcn davaml\u0131l\u0131q, funksionall\u0131q v\u0259 t\u0259miz, vahid g\u00f6r\u00fcn\u00fc\u015f t\u0259l\u0259b ed\u0259n m\u00fct\u0259x\u0259ssisl\u0259r \u00fc\u00e7\u00fcn n\u0259z\u0259rd\u0259 tutulub.<\/p> <ul style=\"margin-bottom: 0px; font-family: Outfit, Arial, Helvetica, sans-serif; font-size: 16px;\"> <li>S\u0259naye m\u00fc\u0259ssis\u0259l\u0259ri, texniki xidm\u0259t xidm\u0259tl\u0259ri v\u0259 forma geyinmi\u015f i\u015f\u00e7il\u0259r \u00fc\u00e7\u00fcn uy\u011fundur.<\/li> <li>Strukturla\u015fd\u0131r\u0131lm\u0131\u015f dizayn s\u0259liq\u0259li v\u0259 pe\u015f\u0259kar bir g\u00f6r\u00fcn\u00fc\u015f t\u0259min edir.<\/li> <li>Davaml\u0131 par\u00e7a, \u00e7\u0259tin i\u015f \u015f\u0259raitind\u0259 uzunm\u00fcdd\u0259tli istifad\u0259ni d\u0259st\u0259kl\u0259yir.<\/li> <li>Rahat oturu\u015f i\u015f g\u00fcn\u00fc \u0259rzind\u0259 rahat h\u0259r\u0259k\u0259t etm\u0259y\u0259 imkan verir.<\/li> <\/ul>\t\t\t\t\t<\/div>\n\t\t\t\t\n\t\t\t\t\t\t\t<\/div>\n\n\t\t\t\t\t\t\t<div class=\"xts-box-overlay xts-fill\"><\/div>\n\t\t\t\t\t<\/div>\n\n\t\t\t\t\t\t<\/div>\n\t\t\t\t<\/div>\n\t\t\t\t<div class=\"elementor-element elementor-element-3c1b575 elementor-widget__width-initial elementor-widget elementor-widget-xts_infobox\" data-id=\"3c1b575\" data-element_type=\"widget\" data-e-type=\"widget\" data-widget_type=\"xts_infobox.default\">\n\t\t\t\t<div class=\"elementor-widget-container\">\n\t\t\t\t\t\n\t\t<div class=\"xts-infobox xts-textalign-left xts-icon-top\" onclick=\"\">\n\t\t\t\n\t\t\t<div class=\"xts-box-content xts-reset-mb-10 xts-reset-all-last\">\n\t\t\t\t\n\t\t\t\t\t\t\t\t\t<h4 class=\"xts-box-title title xts-fontsize-m\" data-elementor-setting-key=\"title\">\n\t\t\t\t\t\tM\u0259hsul m\u0259lumatlar\u0131\t\t\t\t\t<\/h4>\n\t\t\t\t\n\t\t\t\t\t\t\t\t\t<div class=\"xts-box-desc\" data-elementor-setting-key=\"description\">\n\t\t\t\t\t\t<ul style=\"font-family: Outfit, Arial, Helvetica, sans-serif; font-size: 16px;\"> <li>Klassik yaxal\u0131ql\u0131 v\u0259 gizli \u00f6n b\u0259rkidicili g\u00f6d\u0259k\u00e7\u0259.<\/li> <li>T\u0259hl\u00fck\u0259siz saxlama \u00fc\u00e7\u00fcn qapaql\u0131 sin\u0259 cibl\u0259ri.<\/li> <li>Daha davaml\u0131l\u0131q \u00fc\u00e7\u00fcn diz nahiy\u0259l\u0259ri g\u00fccl\u0259ndirilmi\u015f \u015falvar.<\/li> <li>G\u00fcnd\u0259lik pe\u015f\u0259kar istifad\u0259 \u00fc\u00e7\u00fcn d\u00fcz k\u0259simli siluet.<\/li> <\/ul>\t\t\t\t\t<\/div>\n\t\t\t\t\n\t\t\t\t\t\t\t<\/div>\n\n\t\t\t\t\t\t\t<div class=\"xts-box-overlay xts-fill\"><\/div>\n\t\t\t\t\t<\/div>\n\n\t\t\t\t\t\t<\/div>\n\t\t\t\t<\/div>\n\t\t\t\t\t<\/div>\n\t\t<\/div>\n\t\t\t\t<div class=\"elementor-column elementor-col-33 elementor-top-column elementor-element elementor-element-6eca485\" data-id=\"6eca485\" data-element_type=\"column\" data-e-type=\"column\">\n\t\t\t<div class=\"elementor-widget-wrap elementor-element-populated\">\n\t\t\t\t\t\t<div class=\"elementor-element elementor-element-839b6aa elementor-widget elementor-widget-xts_infobox\" data-id=\"839b6aa\" data-element_type=\"widget\" data-e-type=\"widget\" data-widget_type=\"xts_infobox.default\">\n\t\t\t\t<div class=\"elementor-widget-container\">\n\t\t\t\t\t\n\t\t<div class=\"xts-infobox xts-textalign-left xts-icon-top\" onclick=\"\">\n\t\t\t\n\t\t\t<div class=\"xts-box-content xts-reset-mb-10 xts-reset-all-last\">\n\t\t\t\t\n\t\t\t\t\t\t\t\t\t<h4 class=\"xts-box-title title xts-fontsize-m\" data-elementor-setting-key=\"title\">\n\t\t\t\t\t\tM\u0259hsul m\u0259lumatlar\u0131\t\t\t\t\t<\/h4>\n\t\t\t\t\n\t\t\t\t\t\t\t\t\t<div class=\"xts-box-desc\" data-elementor-setting-key=\"description\">\n\t\t\t\t\t\t<ul> <li>\u0130ki hiss\u0259li d\u0259st: g\u00f6d\u0259k\u00e7\u0259 v\u0259 \u015falvar.<\/li> <li>Uzunqollu v\u0259 uzun \u015falvarlar, adi formada.<\/li> <li>\u0130\u015f \u00fc\u00e7\u00fcn laz\u0131mi \u0259\u015fyalar \u00fc\u00e7\u00fcn funksional cib d\u00fcz\u00fcm\u00fc.<\/li> <li>Rahat oturmaq \u00fc\u00e7\u00fcn adi \u00f6l\u00e7\u00fcs\u00fc se\u00e7in.<br><\/li> <\/ul>\t\t\t\t\t<\/div>\n\t\t\t\t\n\t\t\t\t\t\t\t<\/div>\n\n\t\t\t\t\t\t\t<div class=\"xts-box-overlay xts-fill\"><\/div>\n\t\t\t\t\t<\/div>\n\n\t\t\t\t\t\t<\/div>\n\t\t\t\t<\/div>\n\t\t\t\t<div class=\"elementor-element elementor-element-c2eae12 elementor-widget elementor-widget-xts_infobox\" data-id=\"c2eae12\" data-element_type=\"widget\" data-e-type=\"widget\" data-widget_type=\"xts_infobox.default\">\n\t\t\t\t<div class=\"elementor-widget-container\">\n\t\t\t\t\t\n\t\t<div class=\"xts-infobox xts-textalign-left xts-icon-top\" onclick=\"\">\n\t\t\t\n\t\t\t<div class=\"xts-box-content xts-reset-mb-10 xts-reset-all-last\">\n\t\t\t\t\n\t\t\t\t\t\t\t\t\t<h4 class=\"xts-box-title title xts-fontsize-m\" data-elementor-setting-key=\"title\">\n\t\t\t\t\t\tBax\u0131m T\u0259limatlar\u0131\t\t\t\t\t<\/h4>\n\t\t\t\t\n\t\t\t\t\t\t\t\t\t<div class=\"xts-box-desc\" data-elementor-setting-key=\"description\">\n\t\t\t\t\t\tBax\u0131m etiketind\u0259ki t\u0259limatlara uy\u011fun yuyun.\t\t\t\t\t<\/div>\n\t\t\t\t\n\t\t\t\t\t\t\t<\/div>\n\n\t\t\t\t\t\t\t<div class=\"xts-box-overlay xts-fill\"><\/div>\n\t\t\t\t\t<\/div>\n\n\t\t\t\t\t\t<\/div>\n\t\t\t\t<\/div>\n\t\t\t\t<div class=\"elementor-element elementor-element-5c6a6ec elementor-widget elementor-widget-xts_image\" data-id=\"5c6a6ec\" data-element_type=\"widget\" data-e-type=\"widget\" data-widget_type=\"xts_image.default\">\n\t\t\t\t<div class=\"elementor-widget-container\">\n\t\t\t\t\t\t\t\t<div class=\"xts-image-single xts-textalign-left\">\n\t\t\t\t<figure class=\"xts-image\">\n\t\t\t\t\t\t\t\t\t\t\t<div class=\"xts-image-inner\">\n\t\t\t\t\t\n\t\t\t\t\t\t<img decoding=\"async\" src=\"https:\/\/caspiantextile.com\/wp-content\/uploads\/2019\/11\/laundry-sign.jpg\" title=\"laundry-sign\" alt=\"laundry-sign\" loading=\"lazy\" \/>\n\t\t\t\t\t\t\t\t\t\t\t<\/div>\n\t\t\t\t\t\n\t\t\t\t\t\t\t\t\t<\/figure>\n\n\t\t\t\t\t\t\t<\/div>\n\t\t\t\t\t\t<\/div>\n\t\t\t\t<\/div>\n\t\t\t\t<div class=\"elementor-element elementor-element-a3d22a8 elementor-widget elementor-widget-xts_infobox\" data-id=\"a3d22a8\" data-element_type=\"widget\" data-e-type=\"widget\" data-widget_type=\"xts_infobox.default\">\n\t\t\t\t<div class=\"elementor-widget-container\">\n\t\t\t\t\t\n\t\t<div class=\"xts-infobox xts-textalign-left xts-icon-top\" onclick=\"\">\n\t\t\t\n\t\t\t<div class=\"xts-box-content xts-reset-mb-10 xts-reset-all-last\">\n\t\t\t\t\n\t\t\t\t\t\t\t\t\t<h4 class=\"xts-box-title title xts-fontsize-m\" data-elementor-setting-key=\"title\">\n\t\t\t\t\t\t\u00d6hd\u0259liyimiz\t\t\t\t\t<\/h4>\n\t\t\t\t\n\t\t\t\t\t\t\t\t\t<div class=\"xts-box-desc\" data-elementor-setting-key=\"description\">\n\t\t\t\t\t\tBiz s\u0259naye v\u0259 g\u00fcnd\u0259lik istifad\u0259 \u00fc\u00e7\u00fcn praktikliy\u0259, t\u0259hl\u00fck\u0259sizliy\u0259 v\u0259 uzunm\u00fcdd\u0259tli performansa diqq\u0259t yetir\u0259r\u0259k funksional v\u0259 davaml\u0131 geyim h\u0259ll\u0259ri haz\u0131rlay\u0131r\u0131q.\t\t\t\t\t<\/div>\n\t\t\t\t\n\t\t\t\t\t\t\t<\/div>\n\n\t\t\t\t\t\t\t<div class=\"xts-box-overlay xts-fill\"><\/div>\n\t\t\t\t\t<\/div>\n\n\t\t\t\t\t\t<\/div>\n\t\t\t\t<\/div>\n\t\t\t\t\t<\/div>\n\t\t<\/div>\n\t\t\t\t\t<\/div>\n\t\t<\/section>\n\t\t\t\t<\/div>\n\t\t","protected":false},"excerpt":{"rendered":"<p style=\"text-align: justify;\">\nBu pe\u015f\u0259kar i\u015f geyiml\u0259ri d\u0259sti t\u0259hl\u00fck\u0259sizlik, obyektl\u0259rin idar\u0259 edilm\u0259si, s\u0259naye v\u0259 texniki m\u00fchitl\u0259rd\u0259 strukturla\u015fd\u0131r\u0131lm\u0131\u015f g\u00f6r\u00fcn\u00fc\u015f v\u0259 etibarl\u0131 performans t\u0259l\u0259b olundu\u011fu yerl\u0259rd\u0259 istifad\u0259 \u00fc\u00e7\u00fcn n\u0259z\u0259rd\u0259 tutulmu\u015fdur. G\u00f6d\u0259k\u00e7\u0259 v\u0259 \u015falvar kombinasiyas\u0131 m\u00fct\u0259\u015f\u0259kkil i\u015f \u015f\u0259raitind\u0259 g\u00fcnd\u0259lik v\u0259zif\u0259l\u0259r \u00fc\u00e7\u00fcn uy\u011fun t\u0259miz v\u0259 vahid bir g\u00f6r\u00fcn\u00fc\u015f t\u0259min edir.\n<\/p>\n<p style=\"text-align: justify;\">\nDavaml\u0131, a\u015f\u0131nmaya davaml\u0131 par\u00e7adan haz\u0131rlanm\u0131\u015f d\u0259st, uzun i\u015f saatlar\u0131 \u0259rzind\u0259 rahat qalaraq m\u00fcnt\u0259z\u0259m istifad\u0259y\u0259 davaml\u0131d\u0131r. \u00c7oxsayl\u0131 funksional cibl\u0259r praktik saxlama yeri t\u0259klif edir, d\u00fcz k\u0259sim, etibarl\u0131 ba\u011flanmalar v\u0259 m\u00f6hk\u0259ml\u0259ndirilmi\u015f konstruksiya is\u0259 h\u0259r\u0259k\u0259t rahatl\u0131\u011f\u0131n\u0131 v\u0259 etibarl\u0131 g\u00fcnd\u0259lik funksionall\u0131\u011f\u0131 t\u0259min edir.<\/p>\n","protected":false},"featured_media":5986,"comment_status":"open","ping_status":"closed","template":"","meta":[],"product_brand":[],"product_cat":[398,446,482,344],"product_tag":[],"class_list":{"0":"post-8067","1":"product","2":"type-product","3":"status-publish","4":"has-post-thumbnail","6":"product_cat-workwear-sets-category","7":"product_cat-isci-v-muhndis-dsti","8":"product_cat-movsumlrarasi","9":"product_cat-tikinti-v-agir-snaye","11":"first","12":"onbackorder","13":"shipping-taxable","14":"purchasable","15":"product-type-variable"},"_links":{"self":[{"href":"https:\/\/caspiantextile.com\/az\/wp-json\/wp\/v2\/product\/8067","targetHints":{"allow":["GET"]}}],"collection":[{"href":"https:\/\/caspiantextile.com\/az\/wp-json\/wp\/v2\/product"}],"about":[{"href":"https:\/\/caspiantextile.com\/az\/wp-json\/wp\/v2\/types\/product"}],"replies":[{"embeddable":true,"href":"https:\/\/caspiantextile.com\/az\/wp-json\/wp\/v2\/comments?post=8067"}],"version-history":[{"count":1,"href":"https:\/\/caspiantextile.com\/az\/wp-json\/wp\/v2\/product\/8067\/revisions"}],"predecessor-version":[{"id":8069,"href":"https:\/\/caspiantextile.com\/az\/wp-json\/wp\/v2\/product\/8067\/revisions\/8069"}],"wp:featuredmedia":[{"embeddable":true,"href":"https:\/\/caspiantextile.com\/az\/wp-json\/wp\/v2\/media\/5986"}],"wp:attachment":[{"href":"https:\/\/caspiantextile.com\/az\/wp-json\/wp\/v2\/media?parent=8067"}],"wp:term":[{"taxonomy":"product_brand","embeddable":true,"href":"https:\/\/caspiantextile.com\/az\/wp-json\/wp\/v2\/product_brand?post=8067"},{"taxonomy":"product_cat","embeddable":true,"href":"https:\/\/caspiantextile.com\/az\/wp-json\/wp\/v2\/product_cat?post=8067"},{"taxonomy":"product_tag","embeddable":true,"href":"https:\/\/caspiantextile.com\/az\/wp-json\/wp\/v2\/product_tag?post=8067"}],"curies":[{"name":"wp","href":"https:\/\/api.w.org\/{rel}","templated":true}]}}